{"id":1458,"date":"2023-01-29T13:12:26","date_gmt":"2023-01-29T12:12:26","guid":{"rendered":"https:\/\/www.apartmanybobulky.sk\/?page_id=1458"},"modified":"2023-01-29T16:09:10","modified_gmt":"2023-01-29T15:09:10","slug":"kontakt-a-poloha","status":"publish","type":"page","link":"https:\/\/www.apartmanybobulky.sk\/en\/kontakt-a-poloha\/","title":{"rendered":"Contact and location"},"content":{"rendered":"\t\t<div data-elementor-type=\"wp-page\" data-elementor-id=\"1458\" class=\"elementor elementor-1458\">\n\t\t\t\t\t\t<section class=\"elementor-section elementor-top-section elementor-element elementor-element-ca7541c elementor-section-height-min-height elementor-section-boxed elementor-section-height-default elementor-section-items-middle\" data-id=\"ca7541c\" data-element_type=\"section\" data-e-type=\"section\" data-settings=\"{&quot;background_background&quot;:&quot;classic&quot;}\">\n\t\t\t\t\t\t\t<div class=\"elementor-background-overlay\"><\/div>\n\t\t\t\t\t\t\t<div class=\"elementor-container elementor-column-gap-default\">\n\t\t\t\t\t<div class=\"elementor-column elementor-col-100 elementor-top-column elementor-element elementor-element-be10890\" data-id=\"be10890\" data-element_type=\"column\" data-e-type=\"column\">\n\t\t\t<div class=\"elementor-widget-wrap elementor-element-populated\">\n\t\t\t\t\t\t<div class=\"elementor-element elementor-element-02500f6 elementor-widget elementor-widget-heading\" data-id=\"02500f6\" data-element_type=\"widget\" data-e-type=\"widget\" data-widget_type=\"heading.default\">\n\t\t\t\t<div class=\"elementor-widget-container\">\n\t\t\t\t\t<h1 class=\"elementor-heading-title elementor-size-default\">Te\u0161\u00edme sa na va\u0161u<\/h1>\t\t\t\t<\/div>\n\t\t\t\t<\/div>\n\t\t\t\t<div class=\"elementor-element elementor-element-0708f7f elementor-widget elementor-widget-heading\" data-id=\"0708f7f\" data-element_type=\"widget\" data-e-type=\"widget\" data-widget_type=\"heading.default\">\n\t\t\t\t<div class=\"elementor-widget-container\">\n\t\t\t\t\t<h1 class=\"elementor-heading-title elementor-size-default\">n\u00e1v\u0161tevu<\/h1>\t\t\t\t<\/div>\n\t\t\t\t<\/div>\n\t\t\t\t\t<\/div>\n\t\t<\/div>\n\t\t\t\t\t<\/div>\n\t\t<\/section>\n\t\t\t\t<section class=\"elementor-section elementor-top-section elementor-element elementor-element-8c9c816 elementor-section-boxed elementor-section-height-default elementor-section-height-default\" data-id=\"8c9c816\" data-element_type=\"section\" data-e-type=\"section\">\n\t\t\t\t\t\t<div class=\"elementor-container elementor-column-gap-default\">\n\t\t\t\t\t<div class=\"elementor-column elementor-col-100 elementor-top-column elementor-element elementor-element-545e80a\" data-id=\"545e80a\" data-element_type=\"column\" data-e-type=\"column\">\n\t\t\t<div class=\"elementor-widget-wrap elementor-element-populated\">\n\t\t\t\t\t\t<div class=\"elementor-element elementor-element-5e39956 elementor-widget elementor-widget-spacer\" data-id=\"5e39956\" data-element_type=\"widget\" data-e-type=\"widget\" data-widget_type=\"spacer.default\">\n\t\t\t\t<div class=\"elementor-widget-container\">\n\t\t\t\t\t\t\t<div class=\"elementor-spacer\">\n\t\t\t<div class=\"elementor-spacer-inner\"><\/div>\n\t\t<\/div>\n\t\t\t\t\t\t<\/div>\n\t\t\t\t<\/div>\n\t\t\t\t\t<\/div>\n\t\t<\/div>\n\t\t\t\t\t<\/div>\n\t\t<\/section>\n\t\t\t\t<section class=\"elementor-section elementor-top-section elementor-element elementor-element-0fbae8c elementor-section-boxed elementor-section-height-default elementor-section-height-default\" data-id=\"0fbae8c\" data-element_type=\"section\" data-e-type=\"section\">\n\t\t\t\t\t\t<div class=\"elementor-container elementor-column-gap-default\">\n\t\t\t\t\t<div class=\"elementor-column elementor-col-100 elementor-top-column elementor-element elementor-element-2fc964f\" data-id=\"2fc964f\" data-element_type=\"column\" data-e-type=\"column\">\n\t\t\t<div class=\"elementor-widget-wrap elementor-element-populated\">\n\t\t\t\t\t\t<div class=\"elementor-element elementor-element-41e1e9e elementor-widget elementor-widget-heading\" data-id=\"41e1e9e\" data-element_type=\"widget\" data-e-type=\"widget\" data-widget_type=\"heading.default\">\n\t\t\t\t<div class=\"elementor-widget-container\">\n\t\t\t\t\t<h2 class=\"elementor-heading-title elementor-size-default\">Kontakt a poloha<\/h2>\t\t\t\t<\/div>\n\t\t\t\t<\/div>\n\t\t\t\t\t<\/div>\n\t\t<\/div>\n\t\t\t\t\t<\/div>\n\t\t<\/section>\n\t\t\t\t<section class=\"elementor-section elementor-top-section elementor-element elementor-element-69f6da3 elementor-section-boxed elementor-section-height-default elementor-section-height-default\" data-id=\"69f6da3\" data-element_type=\"section\" data-e-type=\"section\">\n\t\t\t\t\t\t<div class=\"elementor-container elementor-column-gap-default\">\n\t\t\t\t\t<div class=\"elementor-column elementor-col-33 elementor-top-column elementor-element elementor-element-ae927bf\" data-id=\"ae927bf\" data-element_type=\"column\" data-e-type=\"column\">\n\t\t\t<div class=\"elementor-widget-wrap elementor-element-populated\">\n\t\t\t\t\t\t<div class=\"elementor-element elementor-element-25172f0 elementor-widget elementor-widget-text-editor\" data-id=\"25172f0\" data-element_type=\"widget\" data-e-type=\"widget\" data-widget_type=\"text-editor.default\">\n\t\t\t\t<div class=\"elementor-widget-container\">\n\t\t\t\t\t\t\t\t\t<p>Kontakt a poloha<\/p><p>Sme radi, \u017ee sa V\u00e1m na\u0161e apartm\u00e1ny p\u00e1\u010dia a te\u0161\u00edme sa na Va\u0161e spr\u00e1vy.<\/p><p>Nap\u00ed\u0161te n\u00e1m pros\u00edm, o ak\u00e9 term\u00edny m\u00e1te z\u00e1ujem a po\u010det host\u00ed, pre ktor\u00fdch h\u013ead\u00e1te ubytovanie, a my V\u00e1m obratom po\u0161leme ponuku.<\/p><p>\u00a0<\/p><p>Na\u0161a adresa:<\/p><p>Apartm\u00e1ny Bobulky<\/p><p>Tatransk\u00e1 Lomnica 14648<\/p><p>05960 Vysok\u00e9 Tatry<\/p><p>Slovensk\u00e1 republika<\/p><p>\u00a0<\/p><p>Tel: +421905920855<\/p><p>Mail: info@bobulky.sk<\/p>\t\t\t\t\t\t\t\t<\/div>\n\t\t\t\t<\/div>\n\t\t\t\t\t<\/div>\n\t\t<\/div>\n\t\t\t\t<div class=\"elementor-column elementor-col-66 elementor-top-column elementor-element elementor-element-1e75ad0\" data-id=\"1e75ad0\" data-element_type=\"column\" data-e-type=\"column\">\n\t\t\t<div class=\"elementor-widget-wrap elementor-element-populated\">\n\t\t\t\t\t\t<div class=\"elementor-element elementor-element-f11380f elementor-widget elementor-widget-wpforms\" data-id=\"f11380f\" data-element_type=\"widget\" data-e-type=\"widget\" data-widget_type=\"wpforms.default\">\n\t\t\t\t<div class=\"elementor-widget-container\">\n\t\t\t\t\t<div class=\"wpforms-container \" id=\"wpforms-1466\"><form id=\"wpforms-form-1466\" class=\"wpforms-validate wpforms-form wpforms-ajax-form\" data-formid=\"1466\" method=\"post\" enctype=\"multipart\/form-data\" action=\"\/en\/wp-json\/wp\/v2\/pages\/1458\" data-token=\"ba4f011ebd6f7ce953617a1f6c8ee15c\" data-token-time=\"1777476478\"><noscript class=\"wpforms-error-noscript\">Please enable JavaScript in your browser to complete this form.<\/noscript><div class=\"wpforms-field-container\"><div id=\"wpforms-1466-field_0-container\" class=\"wpforms-field wpforms-field-name\" data-field-id=\"0\"><label class=\"wpforms-field-label\" for=\"wpforms-1466-field_0\">Meno \/ Name <span class=\"wpforms-required-label\">*<\/span><\/label><input type=\"text\" id=\"wpforms-1466-field_0\" class=\"wpforms-field-medium wpforms-field-required\" name=\"wpforms[fields][0]\" required><\/div><div id=\"wpforms-1466-field_1-container\" class=\"wpforms-field wpforms-field-email\" data-field-id=\"1\"><label class=\"wpforms-field-label\" for=\"wpforms-1466-field_1\">Email <span class=\"wpforms-required-label\">*<\/span><\/label><input type=\"email\" id=\"wpforms-1466-field_1\" class=\"wpforms-field-medium wpforms-field-required\" name=\"wpforms[fields][1]\" spellcheck=\"false\" required><\/div><div id=\"wpforms-1466-field_5-container\" class=\"wpforms-field wpforms-field-text\" data-field-id=\"5\"><label class=\"wpforms-field-label\" for=\"wpforms-1466-field_5\">Telef\u00f3n \/ Phone <span class=\"wpforms-required-label\">*<\/span><\/label><input type=\"text\" id=\"wpforms-1466-field_5\" class=\"wpforms-field-medium wpforms-field-required\" name=\"wpforms[fields][5]\" required><\/div><div id=\"wpforms-1466-field_4-container\" class=\"wpforms-field wpforms-field-checkbox\" data-field-id=\"4\"><label class=\"wpforms-field-label\">V\u00fdber apartm\u00e1nu \/ Select apatment<\/label><ul id=\"wpforms-1466-field_4\"><li class=\"choice-1 depth-1\"><input type=\"checkbox\" id=\"wpforms-1466-field_4_1\" name=\"wpforms[fields][4][]\" value=\"Apartm\u00e1n 2+1\"  ><label class=\"wpforms-field-label-inline\" for=\"wpforms-1466-field_4_1\">Apartm\u00e1n 2+1<\/label><\/li><li class=\"choice-2 depth-1\"><input type=\"checkbox\" id=\"wpforms-1466-field_4_2\" name=\"wpforms[fields][4][]\" value=\"Apartm\u00e1n 2+2\"  ><label class=\"wpforms-field-label-inline\" for=\"wpforms-1466-field_4_2\">Apartm\u00e1n 2+2<\/label><\/li><\/ul><\/div><div id=\"wpforms-1466-field_2-container\" class=\"wpforms-field wpforms-field-textarea\" data-field-id=\"2\"><label class=\"wpforms-field-label\" for=\"wpforms-1466-field_2\">D\u00e1tum rezerv\u00e1cie a po\u010det host\u00ed \/ Reservation dates and number of guestes<\/label><textarea id=\"wpforms-1466-field_2\" class=\"wpforms-field-medium\" name=\"wpforms[fields][2]\" ><\/textarea><\/div><div id=\"wpforms-1466-field_6-container\" class=\"wpforms-field wpforms-field-gdpr-checkbox\" data-field-id=\"6\"><label class=\"wpforms-field-label\">GDPR Agreement <span class=\"wpforms-required-label\">*<\/span><\/label><ul id=\"wpforms-1466-field_6\" class=\"wpforms-field-required\"><li class=\"choice-1\"><input type=\"checkbox\" id=\"wpforms-1466-field_6_1\" name=\"wpforms[fields][6][]\" value=\"S\u00fahlas\u00edm s t\u00fdm, aby t\u00e1to webov\u00e1 str\u00e1nka ulo\u017eila mnou odoslan\u00e9 \u00fadaje, aby mi mohli odpoveda\u0165 na m\u00f4j dopyt. \/ I consent to having this website store my submitted information so they can respond to my inquiry.\" required ><label class=\"wpforms-field-label-inline\" for=\"wpforms-1466-field_6_1\">S\u00fahlas\u00edm s t\u00fdm, aby t\u00e1to webov\u00e1 str\u00e1nka ulo\u017eila mnou odoslan\u00e9 \u00fadaje, aby mi mohli odpoveda\u0165 na m\u00f4j dopyt. \/ I consent to having this website store my submitted information so they can respond to my inquiry.<\/label><\/li><\/ul><\/div><\/div><!-- .wpforms-field-container --><div class=\"wpforms-recaptcha-container wpforms-is-recaptcha wpforms-is-recaptcha-type-v3\" ><input type=\"hidden\" name=\"wpforms[recaptcha]\" value=\"\"><\/div><div class=\"wpforms-submit-container\" ><input type=\"hidden\" name=\"wpforms[id]\" value=\"1466\"><input type=\"hidden\" name=\"page_title\" value=\"\"><input type=\"hidden\" name=\"page_url\" value=\"https:\/\/www.apartmanybobulky.sk\/en\/wp-json\/wp\/v2\/pages\/1458\"><input type=\"hidden\" name=\"url_referer\" value=\"\"><button type=\"submit\" name=\"wpforms[submit]\" id=\"wpforms-submit-1466\" class=\"wpforms-submit\" data-alt-text=\"Sending...\" data-submit-text=\"Posla\u0165 \/ Send\" aria-live=\"assertive\" value=\"wpforms-submit\">Posla\u0165 \/ Send<\/button><img decoding=\"async\" data-src=\"https:\/\/www.apartmanybobulky.sk\/wp-content\/plugins\/wpforms-lite\/assets\/images\/submit-spin.svg\" class=\"wpforms-submit-spinner lazyload\" style=\"--smush-placeholder-width: 26px; --smush-placeholder-aspect-ratio: 26\/26;display: none;\" width=\"26\" height=\"26\" alt=\"Loading\" src=\"data:image\/svg+xml;base64,PHN2ZyB3aWR0aD0iMSIgaGVpZ2h0PSIxIiB4bWxucz0iaHR0cDovL3d3dy53My5vcmcvMjAwMC9zdmciPjwvc3ZnPg==\"><\/div><\/form><\/div>  <!-- .wpforms-container -->\t\t\t\t<\/div>\n\t\t\t\t<\/div>\n\t\t\t\t\t<\/div>\n\t\t<\/div>\n\t\t\t\t\t<\/div>\n\t\t<\/section>\n\t\t\t\t<section class=\"elementor-section elementor-top-section elementor-element elementor-element-d0f4914 elementor-section-boxed elementor-section-height-default elementor-section-height-default\" data-id=\"d0f4914\" data-element_type=\"section\" data-e-type=\"section\">\n\t\t\t\t\t\t<div class=\"elementor-container elementor-column-gap-default\">\n\t\t\t\t\t<div class=\"elementor-column elementor-col-100 elementor-top-column elementor-element elementor-element-b7700c8\" data-id=\"b7700c8\" data-element_type=\"column\" data-e-type=\"column\">\n\t\t\t<div class=\"elementor-widget-wrap elementor-element-populated\">\n\t\t\t\t\t\t<div class=\"elementor-element elementor-element-3c382c2 elementor-widget elementor-widget-spacer\" data-id=\"3c382c2\" data-element_type=\"widget\" data-e-type=\"widget\" data-widget_type=\"spacer.default\">\n\t\t\t\t<div class=\"elementor-widget-container\">\n\t\t\t\t\t\t\t<div class=\"elementor-spacer\">\n\t\t\t<div class=\"elementor-spacer-inner\"><\/div>\n\t\t<\/div>\n\t\t\t\t\t\t<\/div>\n\t\t\t\t<\/div>\n\t\t\t\t\t<\/div>\n\t\t<\/div>\n\t\t\t\t\t<\/div>\n\t\t<\/section>\n\t\t\t\t<section class=\"elementor-section elementor-top-section elementor-element elementor-element-c948f06 elementor-section-boxed elementor-section-height-default elementor-section-height-default\" data-id=\"c948f06\" data-element_type=\"section\" data-e-type=\"section\">\n\t\t\t\t\t\t<div class=\"elementor-container elementor-column-gap-default\">\n\t\t\t\t\t<div class=\"elementor-column elementor-col-100 elementor-top-column elementor-element elementor-element-0726d6c\" data-id=\"0726d6c\" data-element_type=\"column\" data-e-type=\"column\">\n\t\t\t<div class=\"elementor-widget-wrap elementor-element-populated\">\n\t\t\t\t\t\t<div class=\"elementor-element elementor-element-957e71d elementor-widget elementor-widget-heading\" data-id=\"957e71d\" data-element_type=\"widget\" data-e-type=\"widget\" data-widget_type=\"heading.default\">\n\t\t\t\t<div class=\"elementor-widget-container\">\n\t\t\t\t\t<h2 class=\"elementor-heading-title elementor-size-default\">Poloha<\/h2>\t\t\t\t<\/div>\n\t\t\t\t<\/div>\n\t\t\t\t\t<\/div>\n\t\t<\/div>\n\t\t\t\t\t<\/div>\n\t\t<\/section>\n\t\t\t\t<section class=\"elementor-section elementor-top-section elementor-element elementor-element-dc0d11f elementor-section-boxed elementor-section-height-default elementor-section-height-default\" data-id=\"dc0d11f\" data-element_type=\"section\" data-e-type=\"section\">\n\t\t\t\t\t\t<div class=\"elementor-container elementor-column-gap-default\">\n\t\t\t\t\t<div class=\"elementor-column elementor-col-33 elementor-top-column elementor-element elementor-element-ef8ee81\" data-id=\"ef8ee81\" data-element_type=\"column\" data-e-type=\"column\">\n\t\t\t<div class=\"elementor-widget-wrap elementor-element-populated\">\n\t\t\t\t\t\t<div class=\"elementor-element elementor-element-a9f5f8c elementor-widget elementor-widget-text-editor\" data-id=\"a9f5f8c\" data-element_type=\"widget\" data-e-type=\"widget\" data-widget_type=\"text-editor.default\">\n\t\t\t\t<div class=\"elementor-widget-container\">\n\t\t\t\t\t\t\t\t\t<p>N\u00e1jdete n\u00e1s v centre Tatranskej Lomnice.<\/p><p>Na\u0161a budova je na okraji parku na kri\u017eovatke ciest zo Star\u00e9ho Smokovca smerom do Tatranskej Kotliny (\u017ddiaru) a Ve\u013ekej Lomnice (Popradu).<\/p>\t\t\t\t\t\t\t\t<\/div>\n\t\t\t\t<\/div>\n\t\t\t\t\t<\/div>\n\t\t<\/div>\n\t\t\t\t<div class=\"elementor-column elementor-col-66 elementor-top-column elementor-element elementor-element-88f73cd\" data-id=\"88f73cd\" data-element_type=\"column\" data-e-type=\"column\">\n\t\t\t<div class=\"elementor-widget-wrap elementor-element-populated\">\n\t\t\t\t\t\t<div class=\"elementor-element elementor-element-57dd81d elementor-widget elementor-widget-google_maps\" data-id=\"57dd81d\" data-element_type=\"widget\" data-e-type=\"widget\" data-widget_type=\"google_maps.default\">\n\t\t\t\t<div class=\"elementor-widget-container\">\n\t\t\t\t\t\t\t<div class=\"elementor-custom-embed\">\n\t\t\t<iframe\n\t\t\t\t\tdata-src=\"https:\/\/maps.google.com\/maps?q=apaprtmany%20bobulky&#038;t=m&#038;z=17&#038;output=embed&#038;iwloc=near\"\n\t\t\t\t\ttitle=\"apaprtmany bobulky\"\n\t\t\t\t\taria-label=\"apaprtmany bobulky\"\n\t\t\t src=\"data:image\/svg+xml;base64,PHN2ZyB3aWR0aD0iMSIgaGVpZ2h0PSIxIiB4bWxucz0iaHR0cDovL3d3dy53My5vcmcvMjAwMC9zdmciPjwvc3ZnPg==\" class=\"lazyload\" data-load-mode=\"1\"><\/iframe>\n\t\t<\/div>\n\t\t\t\t\t\t<\/div>\n\t\t\t\t<\/div>\n\t\t\t\t\t<\/div>\n\t\t<\/div>\n\t\t\t\t\t<\/div>\n\t\t<\/section>\n\t\t\t\t<section class=\"elementor-section elementor-top-section elementor-element elementor-element-09e6531 elementor-section-boxed elementor-section-height-default elementor-section-height-default\" data-id=\"09e6531\" data-element_type=\"section\" data-e-type=\"section\">\n\t\t\t\t\t\t<div class=\"elementor-container elementor-column-gap-default\">\n\t\t\t\t\t<div class=\"elementor-column elementor-col-100 elementor-top-column elementor-element elementor-element-89cad3c\" data-id=\"89cad3c\" data-element_type=\"column\" data-e-type=\"column\">\n\t\t\t<div class=\"elementor-widget-wrap elementor-element-populated\">\n\t\t\t\t\t\t<div class=\"elementor-element elementor-element-acd57b2 elementor-widget elementor-widget-spacer\" data-id=\"acd57b2\" data-element_type=\"widget\" data-e-type=\"widget\" data-widget_type=\"spacer.default\">\n\t\t\t\t<div class=\"elementor-widget-container\">\n\t\t\t\t\t\t\t<div class=\"elementor-spacer\">\n\t\t\t<div class=\"elementor-spacer-inner\"><\/div>\n\t\t<\/div>\n\t\t\t\t\t\t<\/div>\n\t\t\t\t<\/div>\n\t\t\t\t\t<\/div>\n\t\t<\/div>\n\t\t\t\t\t<\/div>\n\t\t<\/section>\n\t\t\t\t<\/div>\n\t\t","protected":false},"excerpt":{"rendered":"<p>Te\u0161\u00edme sa na va\u0161u n\u00e1v\u0161tevu Kontakt a poloha Kontakt a poloha Sme radi, \u017ee sa V\u00e1m na\u0161e apartm\u00e1ny p\u00e1\u010dia a te\u0161\u00edme sa na Va\u0161e spr\u00e1vy. Nap\u00ed\u0161te n\u00e1m pros\u00edm, o ak\u00e9 term\u00edny m\u00e1te z\u00e1ujem a po\u010det host\u00ed, pre ktor\u00fdch h\u013ead\u00e1te ubytovanie, a my V\u00e1m obratom po\u0161leme ponuku. \u00a0 Na\u0161a adresa: Apartm\u00e1ny Bobulky Tatransk\u00e1 Lomnica 14648 05960 &hellip;<\/p>\n<p class=\"read-more\"> <a class=\"\" href=\"https:\/\/www.apartmanybobulky.sk\/en\/kontakt-a-poloha\/\"> <span class=\"screen-reader-text\">Contact and location<\/span> Read More &raquo;<\/a><\/p>","protected":false},"author":1,"featured_media":0,"parent":0,"menu_order":0,"comment_status":"closed","ping_status":"closed","template":"","meta":{"site-sidebar-layout":"no-sidebar","site-content-layout":"page-builder","ast-global-header-display":"","ast-main-header-display":"","ast-hfb-above-header-display":"","ast-hfb-below-header-display":"","ast-hfb-mobile-header-display":"","site-post-title":"disabled","ast-breadcrumbs-content":"","ast-featured-img":"disabled","footer-sml-layout":"","theme-transparent-header-meta":"enabled","adv-header-id-meta":"","stick-header-meta":"","header-above-stick-meta":"","header-main-stick-meta":"","header-below-stick-meta":"","footnotes":""},"class_list":["post-1458","page","type-page","status-publish","hentry"],"yoast_head":"<!-- This site is optimized with the Yoast SEO plugin v27.5 - https:\/\/yoast.com\/product\/yoast-seo-wordpress\/ -->\n<title>Kontakt a poloha - Apartm\u00e1ny Bobulky<\/title>\n<meta name=\"description\" content=\"Kontakt na majite\u013eov apartm\u00e1nu \u2022 Adresa a mapa Tatranskej Lomnice s polohou ubytovania. Ozvite sa n\u00e1m a my V\u00e1m obratom po\u0161leme ponuku.\" \/>\n<meta name=\"robots\" content=\"index, follow, max-snippet:-1, max-image-preview:large, max-video-preview:-1\" \/>\n<link rel=\"canonical\" href=\"https:\/\/www.apartmanybobulky.sk\/en\/kontakt-a-poloha\/\" \/>\n<meta property=\"og:locale\" content=\"en_GB\" \/>\n<meta property=\"og:type\" content=\"article\" \/>\n<meta property=\"og:title\" content=\"Kontakt a poloha - Apartm\u00e1ny Bobulky\" \/>\n<meta property=\"og:description\" content=\"Kontakt na majite\u013eov apartm\u00e1nu \u2022 Adresa a mapa Tatranskej Lomnice s polohou ubytovania. Ozvite sa n\u00e1m a my V\u00e1m obratom po\u0161leme ponuku.\" \/>\n<meta property=\"og:url\" content=\"https:\/\/www.apartmanybobulky.sk\/en\/kontakt-a-poloha\/\" \/>\n<meta property=\"og:site_name\" content=\"Apartm\u00e1ny Bobulky\" \/>\n<meta property=\"article:publisher\" content=\"https:\/\/www.facebook.com\/apartmanybobulky\" \/>\n<meta property=\"article:modified_time\" content=\"2023-01-29T15:09:10+00:00\" \/>\n<meta name=\"twitter:card\" content=\"summary_large_image\" \/>\n<meta name=\"twitter:label1\" content=\"Estimated reading time\" \/>\n\t<meta name=\"twitter:data1\" content=\"1 minute\" \/>\n<script type=\"application\/ld+json\" class=\"yoast-schema-graph\">{\"@context\":\"https:\\\/\\\/schema.org\",\"@graph\":[{\"@type\":\"WebPage\",\"@id\":\"https:\\\/\\\/www.apartmanybobulky.sk\\\/kontakt-a-poloha\\\/\",\"url\":\"https:\\\/\\\/www.apartmanybobulky.sk\\\/kontakt-a-poloha\\\/\",\"name\":\"Kontakt a poloha - Apartm\u00e1ny Bobulky\",\"isPartOf\":{\"@id\":\"https:\\\/\\\/www.apartmanybobulky.sk\\\/#website\"},\"datePublished\":\"2023-01-29T12:12:26+00:00\",\"dateModified\":\"2023-01-29T15:09:10+00:00\",\"description\":\"Kontakt na majite\u013eov apartm\u00e1nu \u2022 Adresa a mapa Tatranskej Lomnice s polohou ubytovania. Ozvite sa n\u00e1m a my V\u00e1m obratom po\u0161leme ponuku.\",\"breadcrumb\":{\"@id\":\"https:\\\/\\\/www.apartmanybobulky.sk\\\/kontakt-a-poloha\\\/#breadcrumb\"},\"inLanguage\":\"en-GB\",\"potentialAction\":[{\"@type\":\"ReadAction\",\"target\":[\"https:\\\/\\\/www.apartmanybobulky.sk\\\/kontakt-a-poloha\\\/\"]}]},{\"@type\":\"BreadcrumbList\",\"@id\":\"https:\\\/\\\/www.apartmanybobulky.sk\\\/kontakt-a-poloha\\\/#breadcrumb\",\"itemListElement\":[{\"@type\":\"ListItem\",\"position\":1,\"name\":\"Domovsk\u00e1 str\u00e1nka\",\"item\":\"https:\\\/\\\/www.apartmanybobulky.sk\\\/\"},{\"@type\":\"ListItem\",\"position\":2,\"name\":\"Kontakt a poloha\"}]},{\"@type\":\"WebSite\",\"@id\":\"https:\\\/\\\/www.apartmanybobulky.sk\\\/#website\",\"url\":\"https:\\\/\\\/www.apartmanybobulky.sk\\\/\",\"name\":\"Apartmany Bobulky\",\"description\":\"Ubytovanie v Tatranskej Lomnici\",\"publisher\":{\"@id\":\"https:\\\/\\\/www.apartmanybobulky.sk\\\/#organization\"},\"potentialAction\":[{\"@type\":\"SearchAction\",\"target\":{\"@type\":\"EntryPoint\",\"urlTemplate\":\"https:\\\/\\\/www.apartmanybobulky.sk\\\/?s={search_term_string}\"},\"query-input\":{\"@type\":\"PropertyValueSpecification\",\"valueRequired\":true,\"valueName\":\"search_term_string\"}}],\"inLanguage\":\"en-GB\"},{\"@type\":\"Organization\",\"@id\":\"https:\\\/\\\/www.apartmanybobulky.sk\\\/#organization\",\"name\":\"Apartmany Bobulky\",\"url\":\"https:\\\/\\\/www.apartmanybobulky.sk\\\/\",\"logo\":{\"@type\":\"ImageObject\",\"inLanguage\":\"en-GB\",\"@id\":\"https:\\\/\\\/www.apartmanybobulky.sk\\\/#\\\/schema\\\/logo\\\/image\\\/\",\"url\":\"https:\\\/\\\/www.apartmanybobulky.sk\\\/wp-content\\\/uploads\\\/2023\\\/01\\\/cropped-logo_bobulky_inverse.png\",\"contentUrl\":\"https:\\\/\\\/www.apartmanybobulky.sk\\\/wp-content\\\/uploads\\\/2023\\\/01\\\/cropped-logo_bobulky_inverse.png\",\"width\":900,\"height\":782,\"caption\":\"Apartmany Bobulky\"},\"image\":{\"@id\":\"https:\\\/\\\/www.apartmanybobulky.sk\\\/#\\\/schema\\\/logo\\\/image\\\/\"},\"sameAs\":[\"https:\\\/\\\/www.facebook.com\\\/apartmanybobulky\"]}]}<\/script>\n<!-- \/ Yoast SEO plugin. -->","yoast_head_json":{"title":"Kontakt a poloha - Apartm\u00e1ny Bobulky","description":"Kontakt na majite\u013eov apartm\u00e1nu \u2022 Adresa a mapa Tatranskej Lomnice s polohou ubytovania. Ozvite sa n\u00e1m a my V\u00e1m obratom po\u0161leme ponuku.","robots":{"index":"index","follow":"follow","max-snippet":"max-snippet:-1","max-image-preview":"max-image-preview:large","max-video-preview":"max-video-preview:-1"},"canonical":"https:\/\/www.apartmanybobulky.sk\/en\/kontakt-a-poloha\/","og_locale":"en_GB","og_type":"article","og_title":"Kontakt a poloha - Apartm\u00e1ny Bobulky","og_description":"Kontakt na majite\u013eov apartm\u00e1nu \u2022 Adresa a mapa Tatranskej Lomnice s polohou ubytovania. Ozvite sa n\u00e1m a my V\u00e1m obratom po\u0161leme ponuku.","og_url":"https:\/\/www.apartmanybobulky.sk\/en\/kontakt-a-poloha\/","og_site_name":"Apartm\u00e1ny Bobulky","article_publisher":"https:\/\/www.facebook.com\/apartmanybobulky","article_modified_time":"2023-01-29T15:09:10+00:00","twitter_card":"summary_large_image","twitter_misc":{"Estimated reading time":"1 minute"},"schema":{"@context":"https:\/\/schema.org","@graph":[{"@type":"WebPage","@id":"https:\/\/www.apartmanybobulky.sk\/kontakt-a-poloha\/","url":"https:\/\/www.apartmanybobulky.sk\/kontakt-a-poloha\/","name":"Kontakt a poloha - Apartm\u00e1ny Bobulky","isPartOf":{"@id":"https:\/\/www.apartmanybobulky.sk\/#website"},"datePublished":"2023-01-29T12:12:26+00:00","dateModified":"2023-01-29T15:09:10+00:00","description":"Kontakt na majite\u013eov apartm\u00e1nu \u2022 Adresa a mapa Tatranskej Lomnice s polohou ubytovania. Ozvite sa n\u00e1m a my V\u00e1m obratom po\u0161leme ponuku.","breadcrumb":{"@id":"https:\/\/www.apartmanybobulky.sk\/kontakt-a-poloha\/#breadcrumb"},"inLanguage":"en-GB","potentialAction":[{"@type":"ReadAction","target":["https:\/\/www.apartmanybobulky.sk\/kontakt-a-poloha\/"]}]},{"@type":"BreadcrumbList","@id":"https:\/\/www.apartmanybobulky.sk\/kontakt-a-poloha\/#breadcrumb","itemListElement":[{"@type":"ListItem","position":1,"name":"Domovsk\u00e1 str\u00e1nka","item":"https:\/\/www.apartmanybobulky.sk\/"},{"@type":"ListItem","position":2,"name":"Kontakt a poloha"}]},{"@type":"WebSite","@id":"https:\/\/www.apartmanybobulky.sk\/#website","url":"https:\/\/www.apartmanybobulky.sk\/","name":"Apartmany Bobulky","description":"Ubytovanie v Tatranskej Lomnici","publisher":{"@id":"https:\/\/www.apartmanybobulky.sk\/#organization"},"potentialAction":[{"@type":"SearchAction","target":{"@type":"EntryPoint","urlTemplate":"https:\/\/www.apartmanybobulky.sk\/?s={search_term_string}"},"query-input":{"@type":"PropertyValueSpecification","valueRequired":true,"valueName":"search_term_string"}}],"inLanguage":"en-GB"},{"@type":"Organization","@id":"https:\/\/www.apartmanybobulky.sk\/#organization","name":"Apartmany Bobulky","url":"https:\/\/www.apartmanybobulky.sk\/","logo":{"@type":"ImageObject","inLanguage":"en-GB","@id":"https:\/\/www.apartmanybobulky.sk\/#\/schema\/logo\/image\/","url":"https:\/\/www.apartmanybobulky.sk\/wp-content\/uploads\/2023\/01\/cropped-logo_bobulky_inverse.png","contentUrl":"https:\/\/www.apartmanybobulky.sk\/wp-content\/uploads\/2023\/01\/cropped-logo_bobulky_inverse.png","width":900,"height":782,"caption":"Apartmany Bobulky"},"image":{"@id":"https:\/\/www.apartmanybobulky.sk\/#\/schema\/logo\/image\/"},"sameAs":["https:\/\/www.facebook.com\/apartmanybobulky"]}]}},"_links":{"self":[{"href":"https:\/\/www.apartmanybobulky.sk\/en\/wp-json\/wp\/v2\/pages\/1458","targetHints":{"allow":["GET"]}}],"collection":[{"href":"https:\/\/www.apartmanybobulky.sk\/en\/wp-json\/wp\/v2\/pages"}],"about":[{"href":"https:\/\/www.apartmanybobulky.sk\/en\/wp-json\/wp\/v2\/types\/page"}],"author":[{"embeddable":true,"href":"https:\/\/www.apartmanybobulky.sk\/en\/wp-json\/wp\/v2\/users\/1"}],"replies":[{"embeddable":true,"href":"https:\/\/www.apartmanybobulky.sk\/en\/wp-json\/wp\/v2\/comments?post=1458"}],"version-history":[{"count":28,"href":"https:\/\/www.apartmanybobulky.sk\/en\/wp-json\/wp\/v2\/pages\/1458\/revisions"}],"predecessor-version":[{"id":1562,"href":"https:\/\/www.apartmanybobulky.sk\/en\/wp-json\/wp\/v2\/pages\/1458\/revisions\/1562"}],"wp:attachment":[{"href":"https:\/\/www.apartmanybobulky.sk\/en\/wp-json\/wp\/v2\/media?parent=1458"}],"curies":[{"name":"wp","href":"https:\/\/api.w.org\/{rel}","templated":true}]}}